{"id":127704,"date":"2020-04-19T12:46:07","date_gmt":"2020-04-19T12:46:07","guid":{"rendered":"https:\/\/www.nech5784.odns.fr\/envdev\/become-a-laserostop-franchisee\/"},"modified":"2024-12-12T14:59:26","modified_gmt":"2024-12-12T14:59:26","slug":"devenez-franchise-laserostop","status":"publish","type":"page","link":"https:\/\/www.laserostop.ca\/fr\/devenez-franchise-laserostop\/","title":{"rendered":"Devenez un franchis\u00e9 laserOstop"},"content":{"rendered":"\t\t<div data-elementor-type=\"wp-page\" data-elementor-id=\"127704\" class=\"elementor elementor-127704 elementor-2\" data-elementor-post-type=\"page\">\n\t\t\t\t<div class=\"elementor-element elementor-element-995f142 e-flex e-con-boxed e-con e-parent\" data-id=\"995f142\" data-element_type=\"container\" data-e-type=\"container\" data-settings=\"{&quot;background_background&quot;:&quot;classic&quot;}\">\n\t\t\t\t\t<div class=\"e-con-inner\">\n\t\t<div class=\"elementor-element elementor-element-dfc839c e-con-full e-flex e-con e-child\" data-id=\"dfc839c\" data-element_type=\"container\" data-e-type=\"container\">\n\t\t\t\t<div class=\"elementor-element elementor-element-3256551 elementor-widget elementor-widget-heading\" data-id=\"3256551\" data-element_type=\"widget\" data-e-type=\"widget\" data-widget_type=\"heading.default\">\n\t\t\t\t<div class=\"elementor-widget-container\">\n\t\t\t\t\t<h1 class=\"elementor-heading-title elementor-size-default\">Devenez un<span style=\"color: #fff\"> franchis\u00e9 laserOstop<\/span><\/h1>\t\t\t\t<\/div>\n\t\t\t\t<\/div>\n\t\t\t\t<div class=\"elementor-element elementor-element-e9dd92e elementor-widget elementor-widget-text-editor\" data-id=\"e9dd92e\" data-element_type=\"widget\" data-e-type=\"widget\" data-widget_type=\"text-editor.default\">\n\t\t\t\t<div class=\"elementor-widget-container\">\n\t\t\t\t\t\t\t\t\t<p>Cr\u00e9ez une opportunit\u00e9 pour votre ville en ouvrant un centre stop tabac laserOstop! Notre expertise et nos techniques sont \u00e0 votre disposition.<\/p>\t\t\t\t\t\t\t\t<\/div>\n\t\t\t\t<\/div>\n\t\t\t\t<\/div>\n\t\t\t\t\t<\/div>\n\t\t\t\t<\/div>\n\t\t<div class=\"elementor-element elementor-element-62758b94 e-con-full e-flex e-con e-parent\" data-id=\"62758b94\" data-element_type=\"container\" data-e-type=\"container\" data-settings=\"{&quot;background_background&quot;:&quot;classic&quot;}\">\n\t\t<div class=\"elementor-element elementor-element-2ec29340 e-con-full e-flex e-con e-child\" data-id=\"2ec29340\" data-element_type=\"container\" data-e-type=\"container\">\n\t\t\t\t<div class=\"elementor-element elementor-element-3abf63b5 elementor-widget elementor-widget-heading\" data-id=\"3abf63b5\" data-element_type=\"widget\" data-e-type=\"widget\" data-widget_type=\"heading.default\">\n\t\t\t\t<div class=\"elementor-widget-container\">\n\t\t\t\t\t<h3 class=\"elementor-heading-title elementor-size-default\">Pourquoi devenir franchis\u00e9 laserOstop ?<\/h3>\t\t\t\t<\/div>\n\t\t\t\t<\/div>\n\t\t\t\t<div class=\"elementor-element elementor-element-44acac3d elementor-widget elementor-widget-text-editor\" data-id=\"44acac3d\" data-element_type=\"widget\" data-e-type=\"widget\" data-widget_type=\"text-editor.default\">\n\t\t\t\t<div class=\"elementor-widget-container\">\n\t\t\t\t\t\t\t\t\t<p>Si vous \u00eates passionn\u00e9 par l\u2019id\u00e9e d\u2019aider les gens \u00e0 arr\u00eater de fumer, souhaitez \u00eatre ind\u00e9pendant, investir dans une entreprise prosp\u00e8re et rejoindre le plus grand r\u00e9seau mondial d\u00e9di\u00e9 \u00e0 l\u2019arr\u00eat du tabac, nous vous invitons \u00e0 faire partie de notre famille et \u00e0 ouvrir votre propre franchise LaserOstop.<\/p><p>Nous sommes d\u00e9j\u00e0 pr\u00e9sents ici au Canada, en France, en Suisse, en Belgique, en Roumanie, au Maroc, \u00e0 l\u2019\u00eele de La R\u00e9union, \u00e0 l\u2019\u00eele Maurice et en Martinique, et nous nous d\u00e9veloppons en Espagne, en Italie, au Luxembourg, en Turquie, en Alg\u00e9rie, en Tunisie, en Afrique du Sud, aux \u00c9tats-Unis.<\/p>\t\t\t\t\t\t\t\t<\/div>\n\t\t\t\t<\/div>\n\t\t\t\t<\/div>\n\t\t<div class=\"elementor-element elementor-element-1e2e21f9 e-con-full e-flex e-con e-child\" data-id=\"1e2e21f9\" data-element_type=\"container\" data-e-type=\"container\" data-settings=\"{&quot;background_background&quot;:&quot;classic&quot;}\">\n\t\t\t\t<div class=\"elementor-element elementor-element-bad7802 elementor-widget elementor-widget-spacer\" data-id=\"bad7802\" data-element_type=\"widget\" data-e-type=\"widget\" data-widget_type=\"spacer.default\">\n\t\t\t\t<div class=\"elementor-widget-container\">\n\t\t\t\t\t\t\t<div class=\"elementor-spacer\">\n\t\t\t<div class=\"elementor-spacer-inner\"><\/div>\n\t\t<\/div>\n\t\t\t\t\t\t<\/div>\n\t\t\t\t<\/div>\n\t\t\t\t<\/div>\n\t\t\t\t<\/div>\n\t\t<div class=\"elementor-element elementor-element-600b88f9 e-flex e-con-boxed e-con e-parent\" data-id=\"600b88f9\" data-element_type=\"container\" data-e-type=\"container\" data-settings=\"{&quot;background_background&quot;:&quot;classic&quot;}\">\n\t\t\t\t\t<div class=\"e-con-inner\">\n\t\t<div class=\"elementor-element elementor-element-7dacb72c e-con-full e-flex e-con e-child\" data-id=\"7dacb72c\" data-element_type=\"container\" data-e-type=\"container\">\n\t\t\t\t<div class=\"elementor-element elementor-element-7f323ac elementor-widget elementor-widget-heading\" data-id=\"7f323ac\" data-element_type=\"widget\" data-e-type=\"widget\" data-widget_type=\"heading.default\">\n\t\t\t\t<div class=\"elementor-widget-container\">\n\t\t\t\t\t<h3 class=\"elementor-heading-title elementor-size-default\"><span style=\"color: #5CC5B3\">laserOstop<\/span> pr\u00e8s de chez vous<\/h3>\t\t\t\t<\/div>\n\t\t\t\t<\/div>\n\t\t\t\t<div class=\"elementor-element elementor-element-7ba25b78 elementor-widget elementor-widget-text-editor\" data-id=\"7ba25b78\" data-element_type=\"widget\" data-e-type=\"widget\" data-widget_type=\"text-editor.default\">\n\t\t\t\t<div class=\"elementor-widget-container\">\n\t\t\t\t\t\t\t\t\t<p>Vous souhaitez devenir franchis\u00e9 et ouvrir un centre laserOstop dans votre ville?<\/p><p>Rien de plus simple, contactez-nous en utilisant le formulaire ci-dessous.<\/p>\t\t\t\t\t\t\t\t<\/div>\n\t\t\t\t<\/div>\n\t\t\t\t<\/div>\n\t\t\t\t\t<\/div>\n\t\t\t\t<\/div>\n\t\t<div class=\"elementor-element elementor-element-74fece03 e-flex e-con-boxed e-con e-parent\" data-id=\"74fece03\" data-element_type=\"container\" data-e-type=\"container\">\n\t\t\t\t\t<div class=\"e-con-inner\">\n\t\t<div class=\"elementor-element elementor-element-5e354fc9 e-con-full e-flex e-con e-child\" data-id=\"5e354fc9\" data-element_type=\"container\" data-e-type=\"container\">\n\t\t<div class=\"elementor-element elementor-element-7778387f e-con-full e-flex e-con e-child\" data-id=\"7778387f\" data-element_type=\"container\" data-e-type=\"container\">\n\t\t<div class=\"elementor-element elementor-element-31b85678 e-con-full e-flex e-con e-child\" data-id=\"31b85678\" data-element_type=\"container\" data-e-type=\"container\">\n\t\t\t\t<div class=\"elementor-element elementor-element-56d4135c elementor-view-default elementor-position-block-start elementor-mobile-position-block-start elementor-widget elementor-widget-icon-box\" data-id=\"56d4135c\" data-element_type=\"widget\" data-e-type=\"widget\" data-widget_type=\"icon-box.default\">\n\t\t\t\t<div class=\"elementor-widget-container\">\n\t\t\t\t\t\t\t<div class=\"elementor-icon-box-wrapper\">\n\n\t\t\t\t\t\t<div class=\"elementor-icon-box-icon\">\n\t\t\t\t<span  class=\"elementor-icon\">\n\t\t\t\t<i aria-hidden=\"true\" class=\"far fa-smile\"><\/i>\t\t\t\t<\/span>\n\t\t\t<\/div>\n\t\t\t\n\t\t\t\t\t\t<div class=\"elementor-icon-box-content\">\n\n\t\t\t\t\t\t\t\t\t<h3 class=\"elementor-icon-box-title\">\n\t\t\t\t\t\t<span  >\n\t\t\t\t\t\t\t99 % des clients de LaserOstop sont satisfaits\t\t\t\t\t\t<\/span>\n\t\t\t\t\t<\/h3>\n\t\t\t\t\n\t\t\t\t\n\t\t\t<\/div>\n\t\t\t\n\t\t<\/div>\n\t\t\t\t\t\t<\/div>\n\t\t\t\t<\/div>\n\t\t\t\t<\/div>\n\t\t<div class=\"elementor-element elementor-element-6b0b517e e-con-full e-flex e-con e-child\" data-id=\"6b0b517e\" data-element_type=\"container\" data-e-type=\"container\">\n\t\t\t\t<div class=\"elementor-element elementor-element-59d7dbf3 elementor-view-default elementor-position-block-start elementor-mobile-position-block-start elementor-widget elementor-widget-icon-box\" data-id=\"59d7dbf3\" data-element_type=\"widget\" data-e-type=\"widget\" data-widget_type=\"icon-box.default\">\n\t\t\t\t<div class=\"elementor-widget-container\">\n\t\t\t\t\t\t\t<div class=\"elementor-icon-box-wrapper\">\n\n\t\t\t\t\t\t<div class=\"elementor-icon-box-icon\">\n\t\t\t\t<span  class=\"elementor-icon\">\n\t\t\t\t<i aria-hidden=\"true\" class=\"fas fa-chart-line\"><\/i>\t\t\t\t<\/span>\n\t\t\t<\/div>\n\t\t\t\n\t\t\t\t\t\t<div class=\"elementor-icon-box-content\">\n\n\t\t\t\t\t\t\t\t\t<h3 class=\"elementor-icon-box-title\">\n\t\t\t\t\t\t<span  >\n\t\t\t\t\t\t\tUn march\u00e9 en pleine croissance chaque ann\u00e9e depuis 2013  \t\t\t\t\t\t<\/span>\n\t\t\t\t\t<\/h3>\n\t\t\t\t\n\t\t\t\t\n\t\t\t<\/div>\n\t\t\t\n\t\t<\/div>\n\t\t\t\t\t\t<\/div>\n\t\t\t\t<\/div>\n\t\t\t\t<\/div>\n\t\t\t\t<\/div>\n\t\t\t\t<\/div>\n\t\t<div class=\"elementor-element elementor-element-3b6174b9 e-con-full e-flex e-con e-child\" data-id=\"3b6174b9\" data-element_type=\"container\" data-e-type=\"container\">\n\t\t\t\t<div class=\"elementor-element elementor-element-38d1fd26 elementor-widget elementor-widget-heading\" data-id=\"38d1fd26\" data-element_type=\"widget\" data-e-type=\"widget\" data-widget_type=\"heading.default\">\n\t\t\t\t<div class=\"elementor-widget-container\">\n\t\t\t\t\t<h3 class=\"elementor-heading-title elementor-size-default\">C\u2019est votre chance de changer votre vie!  \n<br>Ne la manquez pas! <\/h3>\t\t\t\t<\/div>\n\t\t\t\t<\/div>\n\t\t\t\t<\/div>\n\t\t\t\t\t<\/div>\n\t\t\t\t<\/div>\n\t\t<div class=\"elementor-element elementor-element-1d3f5ffa e-con-full e-flex e-con e-parent\" data-id=\"1d3f5ffa\" data-element_type=\"container\" data-e-type=\"container\" data-settings=\"{&quot;background_background&quot;:&quot;classic&quot;}\">\n\t\t<div class=\"elementor-element elementor-element-4cca81ea e-con-full e-flex e-con e-child\" data-id=\"4cca81ea\" data-element_type=\"container\" data-e-type=\"container\" data-settings=\"{&quot;background_background&quot;:&quot;classic&quot;}\">\n\t\t\t\t<div class=\"elementor-element elementor-element-66963113 elementor-widget elementor-widget-html\" data-id=\"66963113\" data-element_type=\"widget\" data-e-type=\"widget\" data-widget_type=\"html.default\">\n\t\t\t\t<div class=\"elementor-widget-container\">\n\t\t\t\t\t<iframe src=\"https:\/\/forms.monday.com\/forms\/embed\/2d6eec7e0c7906eea096d8d00bbc68f7?r=euc1\" width=\"650\" height=\"1200\" style=\"border: 0; box-shadow: 5px 5px 56px 0px rgba(0,0,0,0);\"><\/iframe>\t\t\t\t<\/div>\n\t\t\t\t<\/div>\n\t\t\t\t<\/div>\n\t\t\t\t<\/div>\n\t\t<div class=\"elementor-element elementor-element-2b910fb7 e-flex e-con-boxed e-con e-parent\" data-id=\"2b910fb7\" data-element_type=\"container\" data-e-type=\"container\">\n\t\t\t\t\t<div class=\"e-con-inner\">\n\t\t<div class=\"elementor-element elementor-element-7d81db08 e-con-full e-flex e-con e-child\" data-id=\"7d81db08\" data-element_type=\"container\" data-e-type=\"container\">\n\t\t\t\t<div class=\"elementor-element elementor-element-4fee4648 elementor-widget elementor-widget-template\" data-id=\"4fee4648\" data-element_type=\"widget\" data-e-type=\"widget\" data-widget_type=\"template.default\">\n\t\t\t\t<div class=\"elementor-widget-container\">\n\t\t\t\t\t\t\t<div class=\"elementor-template\">\n\t\t\t\t\t<footer data-elementor-type=\"footer\" data-elementor-id=\"127864\" class=\"elementor elementor-127864 elementor-1516 elementor-1516\" data-elementor-post-type=\"elementor_library\">\n\t\t\t<div class=\"elementor-element elementor-element-b2cad15 e-con-full e-flex e-con e-parent\" data-id=\"b2cad15\" data-element_type=\"container\" data-e-type=\"container\">\n\t\t<div class=\"elementor-element elementor-element-4b322d4 e-con-full e-flex e-con e-child\" data-id=\"4b322d4\" data-element_type=\"container\" data-e-type=\"container\">\n\t\t\t\t<div class=\"elementor-element elementor-element-60bfa1f elementor-widget elementor-widget-heading\" data-id=\"60bfa1f\" data-element_type=\"widget\" data-e-type=\"widget\" data-widget_type=\"heading.default\">\n\t\t\t\t<div class=\"elementor-widget-container\">\n\t\t\t\t\t<h3 class=\"elementor-heading-title elementor-size-default\">Centres stop tabac <span style=\"color: #5CC5B3\">laserOstop<\/span> Canada<\/h3>\t\t\t\t<\/div>\n\t\t\t\t<\/div>\n\t\t\t\t<div class=\"elementor-element elementor-element-eb58776 bullets-scale-up arrows-relative-to-box_area preserve-img-ratio-cover elementor-widget elementor-widget-the7_elements_carousel\" data-id=\"eb58776\" data-element_type=\"widget\" data-e-type=\"widget\" data-settings=\"{&quot;gap_between_posts&quot;:{&quot;unit&quot;:&quot;px&quot;,&quot;size&quot;:30,&quot;sizes&quot;:[]},&quot;normal_arrow_bg_color&quot;:&quot;#00000000&quot;,&quot;hover_arrow_bg_color&quot;:&quot;#00000000&quot;,&quot;widget_columns&quot;:3,&quot;widget_columns_tablet&quot;:2,&quot;widget_columns_mobile&quot;:1,&quot;gap_between_posts_tablet&quot;:{&quot;unit&quot;:&quot;px&quot;,&quot;size&quot;:&quot;&quot;,&quot;sizes&quot;:[]},&quot;gap_between_posts_mobile&quot;:{&quot;unit&quot;:&quot;px&quot;,&quot;size&quot;:&quot;&quot;,&quot;sizes&quot;:[]}}\" data-widget_type=\"the7_elements_carousel.default\">\n\t\t\t\t<div class=\"elementor-widget-container\">\n\t\t\t\t\t<div class=\"disable-arrows-hover-bg the7_elements_carousel-eb58776 owl-carousel portfolio-carousel-shortcode elementor-owl-carousel-call portfolio-shortcode the7-elementor-widget content-bg-on classic-layout-list description-under-image meta-info-off\" data-scroll-mode=\"1\" data-auto-height=\"false\" data-speed=\"800\" data-autoplay=\"false\" data-autoplay_speed=\"\"><article class=\"post visible post-128159 dt_team type-dt_team status-publish has-post-thumbnail hentry dt_team_category-actif-fr\">\n\n\t<div class=\"post-thumbnail-wrap\">\n\t\t<div class=\"post-thumbnail\">\n\n\t\t\t<a class=\"post-thumbnail-rollover layzr-bg img-css-resize-wrapper\" aria-label=\"Image article\" href=\"https:\/\/www.laserostop.ca\/fr\/lp_centre\/centre-stop-tabac-laval\/\"><img fetchpriority=\"high\" decoding=\"async\" width=\"500\" height=\"335\" src=\"data:image\/svg+xml,%3Csvg%20xmlns%3D&#039;http%3A%2F%2Fwww.w3.org%2F2000%2Fsvg&#039;%20viewBox%3D&#039;0%200%20500%20335&#039;%2F%3E\" class=\"attachment-full size-full preload-me aspect lazy lazy-load\" alt=\"centre stop tabac laval arreter de fumer laserostop canada cesser de fumer quebec\" sizes=\"(max-width: 500px) 100vw, 500px\" style=\"--ratio: 500 \/ 335;\" data-src=\"https:\/\/www.laserostop.ca\/wp-content\/uploads\/2023\/09\/centre-stop-tabac-laval-arreter-de-fumer-laserostop-canada-cesser-de-fumer-quebec.jpg\" loading=\"eager\" data-srcset=\"https:\/\/www.laserostop.ca\/wp-content\/uploads\/2023\/09\/centre-stop-tabac-laval-arreter-de-fumer-laserostop-canada-cesser-de-fumer-quebec.jpg 500w, https:\/\/www.laserostop.ca\/wp-content\/uploads\/2023\/09\/centre-stop-tabac-laval-arreter-de-fumer-laserostop-canada-cesser-de-fumer-quebec-300x201.jpg 300w\" \/><span class=\"the7-hover-icon\"><i aria-hidden=\"true\" class=\" icomoon-the7-font-the7-plus-04\"><\/i><\/span><\/a>\n\t\t<\/div>\n\t<\/div>\n\n\n<div class=\"post-entry-content\">\n\n\t<h3 class=\"ele-entry-title\"><a href=\"https:\/\/www.laserostop.ca\/fr\/lp_centre\/centre-stop-tabac-laval\/\" rel=\"bookmark\" title=\"Arr\u00eater de fumer Laval (H7L) avec laserOstop\">Arr\u00eater de fumer Laval (H7L) avec laserOstop<\/a><\/h3><div class=\"entry-excerpt\"><p>Cessez de fumer gr\u00e2ce \u00e0 laserOstop dans notre centre stop tabac \u00e0 Laval, Qu\u00e9bec<\/p>\n<\/div>\n<\/div><\/article><article class=\"post visible post-129461 dt_team type-dt_team status-publish has-post-thumbnail hentry dt_team_category-actif-fr\">\n\n\t<div class=\"post-thumbnail-wrap\">\n\t\t<div class=\"post-thumbnail\">\n\n\t\t\t<a class=\"post-thumbnail-rollover layzr-bg img-css-resize-wrapper\" aria-label=\"Image article\" href=\"https:\/\/www.laserostop.ca\/fr\/lp_centre\/centre-stop-tabac-montreal\/\"><img decoding=\"async\" width=\"500\" height=\"334\" src=\"data:image\/svg+xml,%3Csvg%20xmlns%3D&#039;http%3A%2F%2Fwww.w3.org%2F2000%2Fsvg&#039;%20viewBox%3D&#039;0%200%20500%20334&#039;%2F%3E\" class=\"attachment-full size-full preload-me aspect lazy lazy-load\" alt=\"centre stop tabac montreal cesser de fumer laser pour arreter de fumer quebec cessation tabac\" sizes=\"(max-width: 500px) 100vw, 500px\" style=\"--ratio: 500 \/ 334;\" data-src=\"https:\/\/www.laserostop.ca\/wp-content\/uploads\/2025\/04\/centre-stop-tabac-montreal-cesser-de-fumer-laser-pour-arreter-de-fumer-quebec-cessation-tabac.jpg\" loading=\"eager\" data-srcset=\"https:\/\/www.laserostop.ca\/wp-content\/uploads\/2025\/04\/centre-stop-tabac-montreal-cesser-de-fumer-laser-pour-arreter-de-fumer-quebec-cessation-tabac.jpg 500w, https:\/\/www.laserostop.ca\/wp-content\/uploads\/2025\/04\/centre-stop-tabac-montreal-cesser-de-fumer-laser-pour-arreter-de-fumer-quebec-cessation-tabac-300x200.jpg 300w\" \/><span class=\"the7-hover-icon\"><i aria-hidden=\"true\" class=\" icomoon-the7-font-the7-plus-04\"><\/i><\/span><\/a>\n\t\t<\/div>\n\t<\/div>\n\n\n<div class=\"post-entry-content\">\n\n\t<h3 class=\"ele-entry-title\"><a href=\"https:\/\/www.laserostop.ca\/fr\/lp_centre\/centre-stop-tabac-montreal\/\" rel=\"bookmark\" title=\"Arr\u00eater de fumer Montreal (H3B 4W8) avec laserOstop\">Arr\u00eater de fumer Montreal (H3B 4W8) avec laserOstop<\/a><\/h3><div class=\"entry-excerpt\"><p>Cessez de fumer gr\u00e2ce \u00e0 laserOstop dans notre centre stop tabac \u00e0 Montr\u00e9al, Qu\u00e9bec<\/p>\n<\/div>\n<\/div><\/article><\/div><div class=\"owl-nav disabled\"><div class=\"owl-prev\" role=\"button\" tabindex=\"0\" aria-label=\"Prev slide\"><i class=\" icomoon-the7-font-the7-arrow-10\"><\/i><\/div><div class=\"owl-next\" role=\"button\" tabindex=\"0\" aria-label=\"Next slide\"><i class=\" icomoon-the7-font-the7-arrow-11\"><\/i><\/div><\/div>\t\t\t\t<\/div>\n\t\t\t\t<\/div>\n\t\t\t\t<\/div>\n\t\t\t\t<\/div>\n\t\t\t\t<\/footer>\n\t\t\t\t<\/div>\n\t\t\t\t\t\t<\/div>\n\t\t\t\t<\/div>\n\t\t\t\t<\/div>\n\t\t\t\t\t<\/div>\n\t\t\t\t<\/div>\n\t\t\t\t<\/div>\n\t\t","protected":false},"excerpt":{"rendered":"<p>Devenez un franchis\u00e9 laserOstop Cr\u00e9ez une opportunit\u00e9 pour votre ville en ouvrant un centre stop tabac laserOstop! Notre expertise et nos techniques sont \u00e0 votre disposition. Pourquoi devenir franchis\u00e9 laserOstop ? Si vous \u00eates passionn\u00e9 par l\u2019id\u00e9e d\u2019aider les gens \u00e0 arr\u00eater de fumer, souhaitez \u00eatre ind\u00e9pendant, investir dans une entreprise prosp\u00e8re et rejoindre le&hellip;<\/p>\n","protected":false},"author":1,"featured_media":127510,"parent":0,"menu_order":0,"comment_status":"closed","ping_status":"closed","template":"","meta":{"inline_featured_image":false,"_analytify_skip_tracking":false,"footnotes":""},"class_list":["post-127704","page","type-page","status-publish","has-post-thumbnail","hentry"],"_links":{"self":[{"href":"https:\/\/www.laserostop.ca\/fr\/wp-json\/wp\/v2\/pages\/127704","targetHints":{"allow":["GET"]}}],"collection":[{"href":"https:\/\/www.laserostop.ca\/fr\/wp-json\/wp\/v2\/pages"}],"about":[{"href":"https:\/\/www.laserostop.ca\/fr\/wp-json\/wp\/v2\/types\/page"}],"author":[{"embeddable":true,"href":"https:\/\/www.laserostop.ca\/fr\/wp-json\/wp\/v2\/users\/1"}],"replies":[{"embeddable":true,"href":"https:\/\/www.laserostop.ca\/fr\/wp-json\/wp\/v2\/comments?post=127704"}],"version-history":[{"count":0,"href":"https:\/\/www.laserostop.ca\/fr\/wp-json\/wp\/v2\/pages\/127704\/revisions"}],"wp:featuredmedia":[{"embeddable":true,"href":"https:\/\/www.laserostop.ca\/fr\/wp-json\/wp\/v2\/media\/127510"}],"wp:attachment":[{"href":"https:\/\/www.laserostop.ca\/fr\/wp-json\/wp\/v2\/media?parent=127704"}],"curies":[{"name":"wp","href":"https:\/\/api.w.org\/{rel}","templated":true}]}}