{"id":127860,"date":"2024-11-05T10:23:36","date_gmt":"2024-11-05T10:23:36","guid":{"rendered":"https:\/\/www.laserostop.ca\/sitedev\/avis-legal\/"},"modified":"2024-12-05T10:57:03","modified_gmt":"2024-12-05T10:57:03","slug":"avis-legal","status":"publish","type":"page","link":"https:\/\/www.laserostop.ca\/fr\/avis-legal\/","title":{"rendered":"Avis l\u00e9gal"},"content":{"rendered":"\t\t<div data-elementor-type=\"wp-page\" data-elementor-id=\"127860\" class=\"elementor elementor-127860 elementor-127221\" data-elementor-post-type=\"page\">\n\t\t\t\t<div class=\"elementor-element elementor-element-6266ee5 e-flex e-con-boxed e-con e-parent\" data-id=\"6266ee5\" data-element_type=\"container\" data-e-type=\"container\" data-settings=\"{&quot;background_background&quot;:&quot;classic&quot;}\">\n\t\t\t\t\t<div class=\"e-con-inner\">\n\t\t<div class=\"elementor-element elementor-element-e761525 e-con-full e-flex e-con e-child\" data-id=\"e761525\" data-element_type=\"container\" data-e-type=\"container\">\n\t\t\t\t<\/div>\n\t\t\t\t\t<\/div>\n\t\t\t\t<\/div>\n\t\t<div class=\"elementor-element elementor-element-7b6cab18 e-flex e-con-boxed e-con e-parent\" data-id=\"7b6cab18\" data-element_type=\"container\" data-e-type=\"container\">\n\t\t\t\t\t<div class=\"e-con-inner\">\n\t\t\t\t<div class=\"elementor-element elementor-element-4b38d521 elementor-widget elementor-widget-shortcode\" data-id=\"4b38d521\" data-element_type=\"widget\" data-e-type=\"widget\" data-widget_type=\"shortcode.default\">\n\t\t\t\t<div class=\"elementor-widget-container\">\n\t\t\t\t\t\t\t<div class=\"elementor-shortcode\">\n<!-- Legal document generated by Complianz | GDPR\/CCPA Cookie Consent https:\/\/wordpress.org\/plugins\/complianz-gdpr -->\n<div id=\"cmplz-document\" class=\"cmplz-document impressum cmplz-document-all\"><p><i>Cette imprint a \u00e9t\u00e9 mise \u00e0 jour pour la derni\u00e8re fois le 3 f\u00e9vrier 2025.<\/i><\/p><p class=\"cmplz-subtitle\">Le propri\u00e9taire de ce site web est\u00a0:<\/p><p>SAS LASEROSTOP SARL<br>31 Impasse Pao, 83110 Sanary-sur-Mer<br>Canada<br>E-mail\u00a0:&nbsp;<span class=\"cmplz-obfuscate\">co&#110;&#116;act@<span class=\"cmplz-fmail-domain\">e&#120;&#046;&#099;o&#109;<\/span>l&#097;&#115;&#101;&#114;ost&#111;&#112;.&#099;&#111;m<\/span><br>Num\u00e9ro de t\u00e9l\u00e9phone\u00a0: +336 40 63 10 60<br>ID TVA\u00a0:&nbsp;FR01889919189<\/p><p class=\"cmplz-subtitle\">Le(s) repr\u00e9sentant(s) l\u00e9gal(aux) de SAS LASEROSTOP SARL\u00a0:<\/p><p>laserOstop<\/p><h2>1. G\u00e9n\u00e9ral<\/h2><p class=\"cmplz-subtitle\">1.1 Nous sommes enregistr\u00e9s chez Registre du Commerce et des Soci\u00e9t\u00e9s de Toulon sous le num\u00e9ro de licence ou d\u2019enregistrement\u00a0:<\/p><p>889 919 189 00023<\/p><p>Nous ne sommes ni dispos\u00e9s ni oblig\u00e9s de participer \u00e0 des proc\u00e9dures de r\u00e8glement des litiges devant une commission d\u2019arbitrage des consommateurs.<\/p><\/div><\/div>\n\t\t\t\t\t\t<\/div>\n\t\t\t\t<\/div>\n\t\t\t\t\t<\/div>\n\t\t\t\t<\/div>\n\t\t\t\t<\/div>\n\t\t","protected":false},"excerpt":{"rendered":"<p>Cette imprint a \u00e9t\u00e9 mise \u00e0 jour pour la derni\u00e8re fois le 3 f\u00e9vrier 2025.Le propri\u00e9taire de ce site web est\u00a0:SAS LASEROSTOP SARL31 Impasse Pao, 83110 Sanary-sur-MerCanadaE-mail\u00a0:&nbsp;co&#110;&#116;ac&#116;@ex.c&#111;&#109;&#108;as&#101;&#114;&#111;st&#111;p.comNum\u00e9ro de t\u00e9l\u00e9phone\u00a0: +336 40 63 10 60ID TVA\u00a0:&nbsp;FR01889919189Le(s) repr\u00e9sentant(s) l\u00e9gal(aux) de SAS LASEROSTOP SARL\u00a0:laserOstop1. G\u00e9n\u00e9ral1.1 Nous sommes enregistr\u00e9s chez Registre du Commerce et des Soci\u00e9t\u00e9s de Toulon sous&hellip;<\/p>\n","protected":false},"author":1,"featured_media":0,"parent":0,"menu_order":0,"comment_status":"closed","ping_status":"closed","template":"elementor_header_footer","meta":{"inline_featured_image":false,"_analytify_skip_tracking":false,"footnotes":""},"class_list":["post-127860","page","type-page","status-publish","hentry"],"_links":{"self":[{"href":"https:\/\/www.laserostop.ca\/fr\/wp-json\/wp\/v2\/pages\/127860","targetHints":{"allow":["GET"]}}],"collection":[{"href":"https:\/\/www.laserostop.ca\/fr\/wp-json\/wp\/v2\/pages"}],"about":[{"href":"https:\/\/www.laserostop.ca\/fr\/wp-json\/wp\/v2\/types\/page"}],"author":[{"embeddable":true,"href":"https:\/\/www.laserostop.ca\/fr\/wp-json\/wp\/v2\/users\/1"}],"replies":[{"embeddable":true,"href":"https:\/\/www.laserostop.ca\/fr\/wp-json\/wp\/v2\/comments?post=127860"}],"version-history":[{"count":0,"href":"https:\/\/www.laserostop.ca\/fr\/wp-json\/wp\/v2\/pages\/127860\/revisions"}],"wp:attachment":[{"href":"https:\/\/www.laserostop.ca\/fr\/wp-json\/wp\/v2\/media?parent=127860"}],"curies":[{"name":"wp","href":"https:\/\/api.w.org\/{rel}","templated":true}]}}